{"id":22,"date":"2026-02-23T13:24:23","date_gmt":"2026-02-23T13:24:23","guid":{"rendered":"https:\/\/www.hausarzt-ludwigsfelde.de\/index.php\/datenschutz\/"},"modified":"2026-02-23T14:29:11","modified_gmt":"2026-02-23T14:29:11","slug":"datenschutz","status":"publish","type":"page","link":"https:\/\/www.hausarzt-ludwigsfelde.de\/index.php\/datenschutz\/","title":{"rendered":"Datenschutzerkl\u00e4rung"},"content":{"rendered":"\n<h3 class=\"wp-block-heading\">Sehr geehrte Patientinnen und Patienten,<\/h3>\n\n\n\n<p>der Schutz Ihrer personenbezogenen Daten ist uns wichtig. Nach der EU-Datenschutz-Grundverordnung (DSGVO) sind wir verpflichtet, Sie dar\u00fcber zu informieren, zu welchem Zweck unsere Praxis Daten erhebt, speichert oder weiterleitet. Den Informationen k\u00f6nnen Sie auch entnehmen, welche Rechte Sie in puncto Datenschutz haben.\u00a0<\/p>\n\n\n\n<p>1. VERANTWORTLICHKEIT F\u00dcR DIE DATENVERARBEITUNG<\/p>\n\n\n\n<p>Verantwortlicher im Sinne der DSGVO, des BDSG nF und sonstiger in den Mitgliedstaaten der Europ\u00e4ischen Union geltenden Datenschutzgesetze und anderer Bestimmungen mit datenschutzrechtlichem Charakter ist die:<\/p>\n\n\n\n<p>Dr. med. Daniela Schmidt-Stuke, Fach\u00e4rztin f\u00fcr Innere Medizin | Haus\u00e4rztin&nbsp;<\/p>\n\n\n\n<p>Stra\u00dfe der Jugend 22<\/p>\n\n\n\n<p>14974 Ludwigsfelde<\/p>\n\n\n\n<p>Kontaktdaten<\/p>\n\n\n\n<p>Tel.:&nbsp; &nbsp; &nbsp; &nbsp; &nbsp; &nbsp; &nbsp; &nbsp; &nbsp; &nbsp; 03378\/ 80 48 37<\/p>\n\n\n\n<p>Fax.: &nbsp; &nbsp; &nbsp; &nbsp; &nbsp; &nbsp; &nbsp; &nbsp; &nbsp; 03378\/ 80 48 88<\/p>\n\n\n\n<p>E-Mail: &nbsp; &nbsp; &nbsp; &nbsp; &nbsp; &nbsp; &nbsp; info@hausarzt-ludwigsfelde.de (Diese Adresse kann nicht f\u00fcr Anfragen oder Terminw\u00fcnsche verwendet werden.)<\/p>\n\n\n\n<p>Homepage:&nbsp; &nbsp; &nbsp; www.hausarzt-ludwigsfelde.de<\/p>\n\n\n\n<p>2. ZWECK DER DATENVERARBEITUNG<\/p>\n\n\n\n<p>Die Datenverarbeitung erfolgt aufgrund gesetzlicher Vorgaben, um den Behandlungsvertrag zwischen Ihnen und Ihrem Arzt und die damit verbundenen Pflichten zu erf\u00fcllen. Hierzu verarbeiten wir Ihre personenbezogenen Daten, insbesondere Ihre Gesundheitsdaten. Dazu z\u00e4hlen Anamnesen, Diagnosen, Therapievorschl\u00e4ge und Befunde, die wir oder andere \u00c4rzte erheben. Zu diesen Zwecken k\u00f6nnen uns auch andere \u00c4rzte oder Psychotherapeuten, bei denen Sie in Behandlung sind, Daten zur Verf\u00fcgung stellen (z.B. in Arztbriefen). Die Erhebung von Gesundheitsdaten ist Voraussetzung f\u00fcr Ihre Behandlung. Werden die notwendigen Informationen nicht bereitgestellt, kann eine sorgf\u00e4ltige Behandlung nicht erfolgen.<\/p>\n\n\n\n<p>3. EMPF\u00c4NGER IHRER DATEN<\/p>\n\n\n\n<p>Wir \u00fcbermitteln Ihre personenbezogenen Daten nur dann an Dritte, wenn dies gesetzlich erlaubt ist oder Sie eingewilligt haben. Empf\u00e4nger Ihrer personenbezogenen Daten k\u00f6nnen vor allem andere \u00c4rzte \/ Psychotherapeuten, Kassen\u00e4rztliche Vereinigungen, Krankenkassen, der Medizinische Dienst der Krankenversicherung, \u00c4rztekammern und privat\u00e4rztliche Verrechnungsstellen sein. Die \u00dcbermittlung erfolgt \u00fcberwiegend zum Zwecke der Abrechnung der bei Ihnen erbrachten Leistungen, zur Kl\u00e4rung von medizinischen und sich aus Ihrem Versicherungsverh\u00e4ltnis ergebenden Fragen. Im Einzelfall erfolgt die \u00dcbermittlung von Daten an weitere berechtigte Empf\u00e4nger.&nbsp;<\/p>\n\n\n\n<p>4. SPEICHERUNG IHRER DATEN<\/p>\n\n\n\n<p>Wir bewahren Ihre personenbezogenen Daten nur solange auf, wie dies f\u00fcr die Durchf\u00fchrung der Behandlung erforderlich ist. Aufgrund rechtlicher Vorgaben sind wir dazu verpflichtet, diese Daten mindestens 10 Jahre nach Abschluss der Behandlung aufzubewahren. Nach anderen Vorschriften k\u00f6nnen sich l\u00e4ngere Aufbewahrungsfristen ergeben, zum Beispiel 30 Jahre bei R\u00f6ntgenaufzeichnungen laut Paragraf 28 Absatz 3 der R\u00f6ntgenverordnung.<\/p>\n\n\n\n<p>5. IHRE RECHTE<\/p>\n\n\n\n<p>Sie haben das Recht, \u00fcber die Sie betreffenden personenbezogenen Daten Auskunft zu erhalten. Auch k\u00f6nnen Sie die Berichtigung unrichtiger Daten verlangen.<\/p>\n\n\n\n<p>Dar\u00fcber hinaus steht Ihnen unter bestimmten Voraussetzungen das Recht auf L\u00f6schung von Daten, das Recht auf Einschr\u00e4nkung der Datenverarbeitung sowie das Recht auf Daten\u00fcbertragbarkeit zu. Die Verarbeitung Ihrer Daten erfolgt auf Basis von gesetzlichen Regelungen. Nur in Ausnahmef\u00e4llen ben\u00f6tigen wir Ihr Einverst\u00e4ndnis. In diesen F\u00e4llen haben Sie das Recht, die Einwilligung f\u00fcr die zuk\u00fcnftige Verarbeitung zu widerrufen. Sie haben ferner das Recht, sich bei der zust\u00e4ndigen Aufsichtsbeh\u00f6rde f\u00fcr den Datenschutz zu beschweren, wenn Sie der Ansicht sind, dass die Verarbeitung Ihrer personenbezogenen Daten nicht rechtm\u00e4\u00dfig erfolgt.<\/p>\n\n\n\n<p>Die Anschrift der f\u00fcr uns zust\u00e4ndigen Aufsichtsbeh\u00f6rde lautet:<\/p>\n\n\n\n<p>Die Landesbeauftragte f\u00fcr den Datenschutz und f\u00fcr das Recht auf Akteneinsicht Brandenburg<\/p>\n\n\n\n<p>Dagmar Hartge<\/p>\n\n\n\n<p>Stahnsdorfer Damm 77<\/p>\n\n\n\n<p>14532 Kleinmachnow<\/p>\n\n\n\n<p>Telefon: 03 32 03\/356-0<\/p>\n\n\n\n<p>Telefax: 03 32 03\/356-49<\/p>\n\n\n\n<p>E-Mail: poststelle@lda.brandenburg.de<\/p>\n\n\n\n<p>Homepage: www.lda.brandenburg.de<\/p>\n\n\n\n<p><strong>WEITERE HINWEISE ZUM DATENSCHUTZ<\/strong><\/p>\n\n\n\n<p>An dieser Stelle m\u00f6chten wir Sie gerne \u00fcber zus\u00e4tzliche Hinweise zum Datenschutz beim Besuch unserer Webseite informieren. Der Schutz der Privatsph\u00e4re und Ihrer pers\u00f6nlichen Daten ist uns ein wichtiges Anliegen. Wir wollen personenbezogene Daten \u00fcber Sie nur mit Ihrem Wissen bzw. Ihrer Zustimmung erfassen und verarbeiten.<\/p>\n\n\n\n<p>Sie erfahren, welche Informationen wir gegebenenfalls speichern und f\u00fcr welche Zwecke wir sie verwenden. Wir verpflichten uns auf die Beachtung des Datenschutzes gem\u00e4\u00df EU-Datenschutzgrundverordnung (EU-DSGVO) und Bundesdatenschutzgesetz neue Fassung (BDSG nF).<\/p>\n\n\n\n<p>&nbsp;<br>1. ERHEBUNG UND VERARBEITUNG PERS\u00d6NLICHER DATEN<br>Personenbezogene Daten sind Informationen, mit deren Hilfe eine Person identifizierbar ist oder die deren Verhalten beschreiben, also Angaben, die zur\u00fcck zu einer Person verfolgt werden k\u00f6nnen. Dazu geh\u00f6ren unter anderem der Name, die Emailadresse oder die Telefonnummer, aber auch Daten wie die IP-Adresse oder besuchte Webseiten.<br><br>Gem\u00e4\u00df dem Grundsatz der Datenminimierung verarbeiten wir pers\u00f6nliche Daten nur dann, wenn dies f\u00fcr die in dieser Datenschutzerkl\u00e4rung beschriebenen Zwecke bzw. zur Erf\u00fcllung eines von Ihnen gew\u00fcnschten Zwecks unbedingt erforderlich ist. Es erfolgt keine Weitergabe Ihrer pers\u00f6nlichen Daten an Dritte, sofern dies nicht erforderlich ist und nicht ohne Ihr Einverst\u00e4ndnis. Ihre pers\u00f6nlichen Daten verwenden wir, um Ihren Auftrag zu bearbeiten, Ihre Anfrage zu beantworten oder Ihnen Zugang zu speziellen Informationen und Angeboten zu verschaffen.<br>&nbsp;<br>2. ZUGRIFFSDATENN\/ SERVER-LOGFILES<br>Bei Besuch der Webseite werden Daten \u00fcber jeden Zugriff auf das Angebot (so genannte Serverlogfiles) erhoben. Zu den Zugriffsdaten geh\u00f6ren: Name der abgerufenen Webseite, Datei, Datum und Uhrzeit des Abrufs, \u00fcbertragene Datenmenge, Meldung \u00fcber erfolgreichen Abruf, Browsertyp nebst Version, das Betriebssystem des Nutzers, Referrer URL (die zuvor besuchte Seite), IP-Adresse und der anfragende Provider.<br>Wir verwenden diese technischen Zugriffsinformationen auf Basis von Art. 6 Abs. 1 lit. f DSGVO (berechtigtes Interesse) ausschlie\u00dflich, um die Attraktivit\u00e4t und Bedienbarkeit unserer Webseiten zu verbessern und ggf. technische Probleme und St\u00f6rungen auf unserer Webseite fr\u00fchzeitig zu erkennen. Eine Speicherung der Daten erfolgt f\u00fcr einen Zeitraum von 4 Wochen.<br>&nbsp;<br>3. NUTZUNG DES KONTAKTFORMULARS\/ KONTAKTAUFNAHME<br>Sie k\u00f6nnen \u00fcber ein ggf. vorhandenes Formular einfach und bequem Kontakt mit uns aufnehmen. Bei Nutzung des Kontaktformulars werden personenbezogene Daten nur in dem von Ihnen zur Verf\u00fcgung gestellten Umfang erhoben. Es steht Ihnen frei, unser Kontaktformular auch ohne Angabe pers\u00f6nlicher Daten zu nutzen.<br>Alle Angaben erfolgen damit freiwillig und werden direkt bei Ihnen als betroffenen Person erhoben. Ihre freiwillig zur Verf\u00fcgung gestellten personenbezogenen Daten werden f\u00fcr Zwecke der Bearbeitung Ihres Anliegens sowie ggf. entstehende Anschlussfragen und der in diesem Kontext ggf. ben\u00f6tigten Kontaktaufnahme gespeichert. Es erfolgt keine Weitergabe dieser personenbezogenen Daten an Dritte.<br>Gleiches gilt auch f\u00fcr die Kontaktaufnahme per E-Mail, Telefon oder Post. Bitte beachten Sie, dass hierbei ggf. weitere, sich aus dem gew\u00e4hlten Kommunikationskanal ergebenden Daten (E-Mail-Adresse bzw. \u00fcbermittelte Telefonnummer) anfallen.<br>Die Verarbeitung der Daten erfolgt auf Basis von Art. 6 I lit. a DSGVO (Einwilligung) f\u00fcr die freiwilligen Angaben sowie Art. 6 Abs. 1 lit. f DSGVO (berechtigtes Interesse) f\u00fcr die Nutzung der Angaben f\u00fcr die Bearbeitung des Anliegens.<br>Die von Ihnen im Kontaktformular eingegebenen Daten verbleiben bei uns, bis Sie uns zur L\u00f6schung auffordern, Ihre Einwilligung zur Speicherung widerrufen oder der Zweck f\u00fcr die Datenspeicherung entf\u00e4llt (z.B. nach abgeschlossener Bearbeitung Ihrer Anfrage). Zwingende gesetzliche Bestimmungen \u2013 insbesondere Aufbewahrungsfristen \u2013 bleiben unber\u00fchrt.<br>Bitte beachten Sie, dass \u00fcber die zur Verf\u00fcgung gestellten Kontaktwege ggf. keine verschl\u00fcsselte und\/oder signierte Kommunikation garantiert werden kann. F\u00fcr die Versendung von sensiblen Informationen ist es empfehlenswert, den Postweg zu nutzen.<br>&nbsp;<\/p>\n\n\n\n<p>4. EINBINDUNG VON DIENSTEN UND INHALTEN DRITTER<\/p>\n\n\n\n<p>Es kann vorkommen, dass innerhalb dieses Onlineangebotes Inhalte Dritter, wie zum Beispiel Videos von YouTube, Kartenmaterial von Google-Maps, OpenMaps, RSS-Feeds oder Grafiken von anderen Webseiten eingebunden werden. Dies setzt immer voraus, dass die Anbieter dieser Inhalte (nachfolgend bezeichnet als &#8222;Dritt-Anbieter&#8220;) die IP-Adresse der Nutzer wahrnehmen. Denn ohne die IP-Adresse k\u00f6nnten sie die Inhalte nicht an den Browser des jeweiligen Nutzers senden. Die IP-Adresse ist damit f\u00fcr die Darstellung dieser Inhalte erforderlich. Wir bem\u00fchen uns nur solche Inhalte zu verwenden, deren jeweilige Anbieter die IP-Adresse lediglich zur Auslieferung der Inhalte verwenden. Jedoch haben wir keinen Einfluss darauf, falls die Dritt-Anbieter die IP-Adresse z.B. f\u00fcr statistische Zwecke speichern. Soweit dies uns bekannt ist, kl\u00e4ren wir die Nutzer dar\u00fcber auf. Diese Verarbeitung erfolgt auf Basis von berechtigtem Interesse im Sinne von Art. 6 Abs. 1 lit. f DSGVO.<\/p>\n\n\n\n<p>&nbsp;<br>5. COOKIES<br>Unsere Internetseiten verwenden teilweise so genannte Cookies. Cookies sind kleine Textdateien, die auf Ihrem Rechner abgelegt werden und die Ihr Browser speichert. Session Cookies werden nur f\u00fcr die Dauer des Zugriffs gespeichert und beim Schlie\u00dfen des Browsers automatisch gel\u00f6scht. Diese Cookies enthalten keine personenbezogenen Daten, sondern identifizieren lediglich den Browser, mit dem auf die Internetseite zugegriffen wird. Sie dienen dazu, unser Angebot nutzerfreundlicher, effektiver und sicherer zu machen.<br><\/p>\n\n\n\n<p>a. \u201eSession-Cookies\u201c werden nur vor\u00fcbergehend w\u00e4hrend einer Browsersitzung verwendet, um eine normale Systemnutzung zu erm\u00f6glichen. Diese Cookies werden von Ihrem Ger\u00e4t gel\u00f6scht, sobald der Browser geschlossen wird.&nbsp;<br><br>b. \u201ePersistente Cookies \u201c werden nur von der Webseite gelesen, auf Ihrem Computer f\u00fcr einen festgelegten Zeitraum gespeichert und nicht gel\u00f6scht, wenn der Browser geschlossen wird. Solche Cookies werden verwendet, damit wir Sie bei einem wiederholten Besuch erkennen. Dadurch k\u00f6nnen wir beispielsweise Ihre Einstellungen f\u00fcr die n\u00e4chste Anmeldung speichern.&nbsp;<br><br>c. \u201eCookies von Dritten\u201c werden von anderen Onlineservices platziert, die Inhalte auf der angezeigten Seite ausf\u00fchren, zum Beispiel von externen Analyseunternehmen, die den Zugriff auf unsere Webseite \u00fcberwachen und analysieren.<br><\/p>\n\n\n\n<p>Cookies, die zur Durchf\u00fchrung des elektronischen Kommunikationsvorgangs oder zur Bereitstellung bestimmter, von Ihnen erw\u00fcnschter Funktionen erforderlich sind, werden auf Grundlage von Art. 6 Abs. 1 lit. f (berechtigtes Interesse) DSGVO gespeichert. Der Websitebetreiber hat ein berechtigtes Interesse an der Speicherung von Cookies zur technisch fehlerfreien und optimierten Bereitstellung seiner Dienste. Soweit andere Cookies (z.B. Cookies zur Analyse Ihres Surfverhaltens) gespeichert werden, werden diese in dieser Datenschutzerkl\u00e4rung gesondert behandelt.<br>Die meisten Browser sind so eingestellt, dass sie Cookies automatisch akzeptieren. Das Speichern von Cookies kann in den Browsern deaktiviert oder so eingestellt werden, dass sobald Cookies gesendet werden eine Benachrichtigung erfolgt.<br>&nbsp;<br>6. L\u00d6SCHUNG VON PERSONENBEZOGENEN DATEN<br>Wir speichern personenbezogene Daten der betroffenen Person nur f\u00fcr den Zeitraum, der zur Erreichung des Speicherungszwecks erforderlich ist. Entf\u00e4llt der Speicherungszweck oder l\u00e4uft eine Speicherfrist ab, werden die personenbezogenen Daten und entsprechend den gesetzlichen Vorschriften gel\u00f6scht.<br>&nbsp;<br>7. BETROFFENENRECHTE<br>Ihnen stehen als Betroffenem grunds\u00e4tzlich die Rechte auf Auskunft dar\u00fcber, welche personenbezogenen Daten \u00fcber Sie gespeichert wurden. Sofern Ihr Wunsch nicht mit einer gesetzlichen Pflicht zur Aufbewahrung von Daten kollidiert, haben Sie ein Anrecht auf Berichtigung falscher Daten und auf die L\u00f6schung bzw. Einschr\u00e4nkung der Verarbeitung der personenbezogenen Daten. Beruht die Verarbeitung auf einer Einwilligung (gem. Art. 6 Abs. 1 lit. a DSGVO oder Art. 9 Abs. 2 lit. a DSGVO), so kann diese Einwilligung jederzeit widerrufen werden, ohne dass die Rechtm\u00e4\u00dfigkeit der aufgrund der Einwilligung bis zum Widerruf erfolgten Verarbeitung ber\u00fchrt wird. Zus\u00e4tzlich haben Sie ein Recht auf Daten\u00fcbertragbarkeit.<br>&nbsp;<br>8. RECHTSGRUNDLAGEN DER VERARBEITUNG<\/p>\n\n\n\n<p>Art. 6 I lit. a DSGVO dient unserem Unternehmen als Rechtsgrundlage f\u00fcr Verarbeitungsvorg\u00e4nge, bei denen wir eine Einwilligung f\u00fcr einen bestimmten Verarbeitungszweck einholen. Bei der Verarbeitung von personenbezogenen Daten, die zur Erf\u00fcllung eines Vertrages, dessen Vertragspartei die betroffene Person ist, erforderlich ist, dient Art. 6 I lit. b DSGVO als Rechtsgrundlage. Dies gilt auch f\u00fcr Verarbeitungsvorg\u00e4nge, die zur Durchf\u00fchrung vorvertraglicher Ma\u00dfnahmen erforderlich sind.<\/p>\n\n\n\n<p>Soweit eine Verarbeitung personenbezogener Daten zur Erf\u00fcllung einer rechtlichen Verpflichtung erforderlich ist, der unser Unternehmen unterliegt, dient Art. 6 I lit. c DSGVO als Rechtsgrundlage.<\/p>\n\n\n\n<p>F\u00fcr den Fall, dass lebenswichtige Interessen der betroffenen Person oder einer anderen nat\u00fcrlichen Person eine Verarbeitung personenbezogener Daten erforderlich machen, dient Art. 6 Abs. 1 lit. d DSGVO als Rechtsgrundlage. Ist die Verarbeitung zur Wahrung eines berechtigten Interesses unseres Unternehmens oder eines Dritten erforderlich und \u00fcberwiegen die Interessen, Grundrechte und Grundfreiheiten des Betroffenen das erstgenannte Interesse nicht, so dient Art. 6 I lit. f DSGVO als Rechtsgrundlage f\u00fcr die Verarbeitung.<br>&nbsp;<br>9. SICHERHEIT IHRER DATEN<\/p>\n\n\n\n<p>Die von Ihnen \u00fcbermittelten Daten werden bei uns durch geeignete technische und organisatorische Mittel gesch\u00fctzt, um sie vor zuf\u00e4lligen oder vors\u00e4tzlichen Manipulationen, Verlust, Zerst\u00f6rung oder Zugriff unberechtigter Personen zu sch\u00fctzen. Unsere Sicherheitsma\u00dfnahmen werden entsprechend der technologischen Entwicklung und organisatorischer M\u00f6glichkeiten fortlaufend kontrolliert und verbessert. Diese Webseite wird auf AWS in den USA gehostet und von dem Unternemen Duda Inc. betrieben.<\/p>\n\n\n\n<p>10. PROVIDER<\/p>\n\n\n\n<p>Die Website dieser Praxis wird von einem Webhosting-Provider, der Hosttech GmbH Berlin f\u00fcr das Internet bereitgestellt. Wenn Sie unsere Website besuchen, werden von den Servern von AWS erfasst und in sogenannten Logfiles gespeichert. Zu diesen Daten geh\u00f6ren der Hostname bzw. die IP-Adresse des Ger\u00e4tes, mit dem Sie auf diese Website zugreifen; die Art des Browsers, mit dem Sie zugreifen; die Webseite, die Sie zuvor besucht haben; sowie Kalenderdaten und Zeitangaben. Aus datenschutzrechtlichen Gr\u00fcnden werden die Host-Namen bzw. IP-Adressen in den Logfiles in anonymisierter Form gespeichert; d. h. die urspr\u00fcnglichen IP-Adressen sind nicht erkennbar.&nbsp; Die Logfiles k\u00f6nnen vom Praxisleiter eingesehen werden, um statistische Angaben zu der Zahl der Besucher der Website zu erhalten.<\/p>\n\n\n\n<p>Nach Angaben der Hosttech GmbH werden die IP-Adressen der Besucher au\u00dferdem zur Erkennung und Abwehr etwaiger Hacker-Angriffe sieben Tage lang in unver\u00e4nderter, nicht anonymisierter Form gespeichert. Diese Daten sind f\u00fcr unsere Praxis nicht einsehbar.<\/p>\n","protected":false},"excerpt":{"rendered":"<p>Sehr geehrte Patientinnen und Patienten, der Schutz Ihrer personenbezogenen Daten ist uns wichtig. Nach der EU-Datenschutz-Grundverordnung (DSGVO) sind wir verpflichtet, Sie dar\u00fcber zu informieren, zu welchem Zweck unsere Praxis Daten erhebt, speichert oder weiterleitet. Den Informationen k\u00f6nnen Sie auch entnehmen, welche Rechte Sie in puncto Datenschutz haben.\u00a0 1. VERANTWORTLICHKEIT F\u00dcR DIE DATENVERARBEITUNG Verantwortlicher im Sinne [&hellip;]<\/p>\n","protected":false},"author":1,"featured_media":0,"parent":0,"menu_order":0,"comment_status":"closed","ping_status":"closed","template":"","meta":{"footnotes":""},"class_list":["post-22","page","type-page","status-publish","hentry"],"_links":{"self":[{"href":"https:\/\/www.hausarzt-ludwigsfelde.de\/index.php\/wp-json\/wp\/v2\/pages\/22","targetHints":{"allow":["GET"]}}],"collection":[{"href":"https:\/\/www.hausarzt-ludwigsfelde.de\/index.php\/wp-json\/wp\/v2\/pages"}],"about":[{"href":"https:\/\/www.hausarzt-ludwigsfelde.de\/index.php\/wp-json\/wp\/v2\/types\/page"}],"author":[{"embeddable":true,"href":"https:\/\/www.hausarzt-ludwigsfelde.de\/index.php\/wp-json\/wp\/v2\/users\/1"}],"replies":[{"embeddable":true,"href":"https:\/\/www.hausarzt-ludwigsfelde.de\/index.php\/wp-json\/wp\/v2\/comments?post=22"}],"version-history":[{"count":2,"href":"https:\/\/www.hausarzt-ludwigsfelde.de\/index.php\/wp-json\/wp\/v2\/pages\/22\/revisions"}],"predecessor-version":[{"id":28,"href":"https:\/\/www.hausarzt-ludwigsfelde.de\/index.php\/wp-json\/wp\/v2\/pages\/22\/revisions\/28"}],"wp:attachment":[{"href":"https:\/\/www.hausarzt-ludwigsfelde.de\/index.php\/wp-json\/wp\/v2\/media?parent=22"}],"curies":[{"name":"wp","href":"https:\/\/api.w.org\/{rel}","templated":true}]}}