{"id":21,"date":"2026-02-23T13:24:23","date_gmt":"2026-02-23T13:24:23","guid":{"rendered":"https:\/\/www.hausarzt-ludwigsfelde.de\/index.php\/impressum\/"},"modified":"2026-02-23T14:03:58","modified_gmt":"2026-02-23T14:03:58","slug":"impressum","status":"publish","type":"page","link":"https:\/\/www.hausarzt-ludwigsfelde.de\/index.php\/impressum\/","title":{"rendered":"Impressum"},"content":{"rendered":"\n<h3 class=\"wp-block-heading\"><strong>Verantwortlichkeit f\u00fcr den Inhalt der Web-Seite<\/strong><\/h3>\n\n\n\n<p>Dr. med. Daniela Schmidt-Stuke, Fach\u00e4rztin f\u00fcr Innere Medizin | Haus\u00e4rztin&nbsp;<\/p>\n\n\n\n<p>Stra\u00dfe der Jugend 22<\/p>\n\n\n\n<p>14974 Ludwigsfelde<\/p>\n\n\n\n<p><strong>Berufsbezeichnung<\/strong><\/p>\n\n\n\n<p>Dr. med. Daniela Schmidt-Stuke: Fach\u00e4rztin f\u00fcr Innere Medizin<\/p>\n\n\n\n<p><strong>Kontakt<\/strong><\/p>\n\n\n\n<p>Tel.:&nbsp; &nbsp; &nbsp; &nbsp; &nbsp; &nbsp; 03378\/ 80 48 37<\/p>\n\n\n\n<p>Fax.: &nbsp; &nbsp; &nbsp; &nbsp; &nbsp; 03378\/ 80 48 88<\/p>\n\n\n\n<p>E-Mail:&nbsp; &nbsp; &nbsp; &nbsp;praxis-schmidt-stuke@hotmail.de (<strong>Diese Adresse kann nicht f\u00fcr Anfragen oder Terminw\u00fcnsche verwendet werden!)<\/strong><\/p>\n\n\n\n<p>Internet:&nbsp; &nbsp; www.hausarzt-ludwigsfelde.de<\/p>\n\n\n\n<p><strong>Hinweis zum Domain-Namen<\/strong><\/p>\n\n\n\n<p>Der Domain-Name soll nicht unterstellen, dass keine weiteren Praxen und Versorgungseinrichtungen von bzw. mit angestellten haus\u00e4rztlich t\u00e4tigen \u00c4rzten im Planungsbereich Ludwigsfelde existieren.<\/p>\n\n\n\n<p><strong>Zust\u00e4ndige \u00c4rztekammer<\/strong> &nbsp;<\/p>\n\n\n\n<p>Landes\u00e4rztekammer Brandenburg&nbsp;<\/p>\n\n\n\n<p>Pappelallee 5<\/p>\n\n\n\n<p>14469 Potsdam<\/p>\n\n\n\n<p>Internet: &nbsp; &nbsp; <a href=\"https:\/\/www.laekb.de\/\" target=\"_blank\" rel=\"noreferrer noopener\">L\u00c4KB<\/a> &nbsp;<\/p>\n\n\n\n<p><a href=\"https:\/\/www.laekb.de\/files\/144F982ED72\/00Berufsordnung_kF.pdf\" target=\"_blank\" rel=\"noreferrer noopener\"><strong>Berufsordnung der Landes\u00e4rztekammer Brandenburg<\/strong><\/a><\/p>\n\n\n\n<p>Internet:&nbsp; &nbsp; <a href=\"https:\/\/www.laekb.de\/www\/website\/PublicNavigation\/arzt\/arztrecht\/gesetze\/\" target=\"_blank\" rel=\"noreferrer noopener\">Gesetze und Verordnungen<\/a> NK<\/p>\n\n\n\n<p><strong>Zust\u00e4ndige Kassen\u00e4rztliche Vereinigung<\/strong><br>KV Brandenburg<br>Pappelallee 5<\/p>\n\n\n\n<p>14469 Potsdam<\/p>\n\n\n\n<p>Internet:&nbsp; &nbsp; <a href=\"https:\/\/www.kvbb.de\/\" target=\"_blank\" rel=\"noreferrer noopener\">KVBB<\/a><\/p>\n\n\n\n<p><strong>Haftungsausschluss<\/strong><\/p>\n\n\n\n<p>Die bereitgestellten Informationen auf dieser Website wurden sorgf\u00e4ltig gepr\u00fcft und werden regelm\u00e4\u00dfig aktualisiert. Jedoch kann keine Garantie daf\u00fcr \u00fcbernommen werden, dass alle Angaben zu jeder Zeit vollst\u00e4ndig, richtig und in letzter Aktualit\u00e4t dargestellt sind. Dies gilt insbesondere f\u00fcr alle Verbindungen (Links) zu anderen Web-Seiten, auf die direkt oder indirekt verwiesen wird. Alle Angaben k\u00f6nnen ohne vorherige Ank\u00fcndigung erg\u00e4nzt, entfernt oder ge\u00e4ndert werden.&nbsp;<\/p>\n\n\n\n<p><strong>Datenschutzhinweise<\/strong><\/p>\n\n\n\n<p>Soweit auf unseren Seiten personenbezogene Daten (beispielsweise Name, Anschrift oder E-Mail-Adressen) erhoben werden, erfolgt dies soweit m\u00f6glich stets auf freiwilliger Basis. Die Nutzung der Angebote und Dienste ist, soweit m\u00f6glich, stets ohne Angabe personenbezogener Daten m\u00f6glich. Wir weisen darauf hin, dass die Daten\u00fcbertragung im Internet (z.B. bei der Kommunikation per E-Mail) Sicherheitsl\u00fccken aufweisen kann. Ein l\u00fcckenloser Schutz der Daten vor dem Zugriff durch Dritte ist nicht m\u00f6glich. Der Nutzung von im Rahmen der Impressumspflicht ver\u00f6ffentlichten Kontaktdaten durch Dritte zur \u00dcbersendung von nicht ausdr\u00fccklich angeforderter Werbung und Informationsmaterialien wird hiermit ausdr\u00fccklich widersprochen. Die Betreiber der Seiten behalten sich ausdr\u00fccklich rechtliche Schritte im Falle der unverlangten Zusendung von Werbeinformationen, etwa durch Spam-Mails, vor.<\/p>\n\n\n\n<p><strong>Hinweis zu externen Links<\/strong><\/p>\n\n\n\n<p>Mit dem Urteil vom 12. Mai 1998 312 O 85\/98 &#8211; &#8218;Haftung f\u00fcr Links&#8216; hat das Landgericht (LG) Hamburg entschieden, dass man durch die Anbringung eines Links, die Inhalte der gelinkten Seite ggf. mit zu verantworten hat. Dies kann &#8211; so das LG &#8211; nur dadurch verhindert werden, dass man sich ausdr\u00fccklich von diesen Inhalten distanziert. Hiermit distanzieren wir uns ausdr\u00fccklich von allen Inhalten aller gelinkten Seiten auf unserer Web-Site und machen uns diese Inhalte nicht zu eigen. Diese Erkl\u00e4rung gilt f\u00fcr alle auf meiner Internetseite angebrachten Links!&nbsp;<\/p>\n\n\n\n<p><strong>Hinweis zu den Informationen auf dieser Web-Seite<\/strong><\/p>\n\n\n\n<p>Diese Internetpr\u00e4senz ist eine Erg\u00e4nzung zu schriftlichen Informationen f\u00fcr unsere Patientinnen und Patienten. Sie dient nicht der Werbung unserer Praxis. Der Inhalt dieser Seiten gibt keine Empfehlungen zu medizinischen Behandlungsmethoden. Wir f\u00fchren keine individuelle Beratung und auch keinerlei Behandlung oder Diagnose \u00fcber E-Mail durch. Wenn Sie nicht Patientinnen und Patienten unserer Hausarztpraxis sind, wenden Sie sich bei speziellen Fragen zu diesen Themen an den Arzt Ihres Vertrauens.<\/p>\n\n\n\n<p><strong>Widerspruch Werbe-Mails<\/strong><\/p>\n\n\n\n<p>Der Nutzung von im Rahmen der Impressumspflicht ver\u00f6ffentlichten Kontaktdaten zur \u00dcbersendung von nicht ausdr\u00fccklich angeforderter Werbung und Informationsmaterialien wird hiermit widersprochen. Die Betreiber der Seiten behalten sich ausdr\u00fccklich rechtliche Schritte im Falle der unverlangten Zusendung von Werbeinformationen, etwa durch Spam-E-Mails, vor.<\/p>\n","protected":false},"excerpt":{"rendered":"<p>Verantwortlichkeit f\u00fcr den Inhalt der Web-Seite Dr. med. Daniela Schmidt-Stuke, Fach\u00e4rztin f\u00fcr Innere Medizin | Haus\u00e4rztin&nbsp; Stra\u00dfe der Jugend 22 14974 Ludwigsfelde Berufsbezeichnung Dr. med. Daniela Schmidt-Stuke: Fach\u00e4rztin f\u00fcr Innere Medizin Kontakt Tel.:&nbsp; &nbsp; &nbsp; &nbsp; &nbsp; &nbsp; 03378\/ 80 48 37 Fax.: &nbsp; &nbsp; &nbsp; &nbsp; &nbsp; 03378\/ 80 48 88 E-Mail:&nbsp; &nbsp; &nbsp; [&hellip;]<\/p>\n","protected":false},"author":1,"featured_media":0,"parent":0,"menu_order":0,"comment_status":"closed","ping_status":"closed","template":"","meta":{"footnotes":""},"class_list":["post-21","page","type-page","status-publish","hentry"],"_links":{"self":[{"href":"https:\/\/www.hausarzt-ludwigsfelde.de\/index.php\/wp-json\/wp\/v2\/pages\/21","targetHints":{"allow":["GET"]}}],"collection":[{"href":"https:\/\/www.hausarzt-ludwigsfelde.de\/index.php\/wp-json\/wp\/v2\/pages"}],"about":[{"href":"https:\/\/www.hausarzt-ludwigsfelde.de\/index.php\/wp-json\/wp\/v2\/types\/page"}],"author":[{"embeddable":true,"href":"https:\/\/www.hausarzt-ludwigsfelde.de\/index.php\/wp-json\/wp\/v2\/users\/1"}],"replies":[{"embeddable":true,"href":"https:\/\/www.hausarzt-ludwigsfelde.de\/index.php\/wp-json\/wp\/v2\/comments?post=21"}],"version-history":[{"count":1,"href":"https:\/\/www.hausarzt-ludwigsfelde.de\/index.php\/wp-json\/wp\/v2\/pages\/21\/revisions"}],"predecessor-version":[{"id":25,"href":"https:\/\/www.hausarzt-ludwigsfelde.de\/index.php\/wp-json\/wp\/v2\/pages\/21\/revisions\/25"}],"wp:attachment":[{"href":"https:\/\/www.hausarzt-ludwigsfelde.de\/index.php\/wp-json\/wp\/v2\/media?parent=21"}],"curies":[{"name":"wp","href":"https:\/\/api.w.org\/{rel}","templated":true}]}}